{"id":764,"date":"2025-02-05T16:44:04","date_gmt":"2025-02-05T15:44:04","guid":{"rendered":"https:\/\/new.hoteltihany.com\/?page_id=764"},"modified":"2025-07-28T16:24:20","modified_gmt":"2025-07-28T14:24:20","slug":"reggeli","status":"publish","type":"page","link":"https:\/\/hoteltihany.com\/en\/reggeli\/","title":{"rendered":"Breakfast"},"content":{"rendered":"<p>[et_pb_section fb_built=&#8221;1&#8243; fullwidth=&#8221;on&#8221; _builder_version=&#8221;4.24.0&#8243; _module_preset=&#8221;default&#8221; background_enable_color=&#8221;off&#8221; background_image=&#8221;https:\/\/hoteltihany.com\/wp-content\/uploads\/2025\/02\/RG.jpg&#8221; background_blend=&#8221;overlay&#8221; global_colors_info=&#8221;{}&#8221;][et_pb_fullwidth_header title=&#8221;Reggeli \u00ednyenc \u00e9lm\u00e9ny&#8221; _builder_version=&#8221;4.27.4&#8243; _module_preset=&#8221;default&#8221; background_enable_color=&#8221;off&#8221; use_background_color_gradient=&#8221;on&#8221; background_color_gradient_stops=&#8221;#3a3a3a 0%|rgba(255,255,255,0) 100%&#8221; background_image=&#8221;https:\/\/hoteltihany.com\/wp-content\/uploads\/2024\/02\/H008.jpg&#8221; background_position=&#8221;top_center&#8221; background_vertical_offset=&#8221;56%&#8221; background_blend=&#8221;overlay&#8221; hover_enabled=&#8221;0&#8243; global_colors_info=&#8221;{}&#8221; sticky_enabled=&#8221;0&#8243;]<\/p>\n<p>Minden reggel egy \u00fcnnep, a csend \u00e9s b\u00e9ke f\u00e9lsziget\u00e9n, n\u00e9h\u00e1ny m\u00e9terre a Balatont\u00f3l.<\/p>\n<p>[\/et_pb_fullwidth_header][\/et_pb_section][et_pb_section fb_built=&#8221;1&#8243; _builder_version=&#8221;4.24.0&#8243; _module_preset=&#8221;default&#8221; background_enable_image=&#8221;off&#8221; background_size=&#8221;contain&#8221; background_blend=&#8221;soft-light&#8221; custom_margin=&#8221;0px||||false|false&#8221; global_colors_info=&#8221;{}&#8221;][et_pb_row column_structure=&#8221;1_2,1_2&#8243; _builder_version=&#8221;4.24.0&#8243; _module_preset=&#8221;default&#8221; custom_margin=&#8221;-21px|auto||auto||&#8221; custom_padding=&#8221;3px|||||&#8221; global_colors_info=&#8221;{}&#8221;][et_pb_column type=&#8221;1_2&#8243; _builder_version=&#8221;4.24.0&#8243; _module_preset=&#8221;default&#8221; global_colors_info=&#8221;{}&#8221;][et_pb_blurb _builder_version=&#8221;4.24.0&#8243; _module_preset=&#8221;default&#8221; custom_padding=&#8221;0px||||false|false&#8221; global_colors_info=&#8221;{}&#8221;]<\/p>\n<p style=\"font-weight: 400; text-align: center;\"><strong>Gourmet Breakfast Experience<\/strong><\/p>\n<p style=\"font-weight: 400; text-align: center;\">At our home, every morning offers a gourmet adventure where premium quality meets variety. Peace, tranquility, and a beautiful setting await you, and on the terrace, the proximity and view of Lake Balaton add an extra touch of magic to the beauty of the mornings. In our 26-room, family-friendly hotel, we strive to ensure that every guest starts their day with a true culinary experience.<\/p>\n<p style=\"font-weight: 400; text-align: center;\">Whether it\u2019s traditional flavors or international specialties, our breakfast proudly serves a wide range of delicacies. Fresh pastries, crispy breads, a delicious selection of cheeses and cold cuts, as well as healthy muesli, homemade mini yogurts, semolina puddings, and granola bowls are waiting to be discovered.<\/p>\n<p style=\"font-weight: 400; text-align: center;\">Our offerings are prepared from the freshest, carefully selected ingredients to guarantee an exceptional experience. Our commitment to quality is, we hope, evident in every bite.<\/p>\n<p style=\"font-weight: 400; text-align: center;\">No breakfast is complete without a little sweetness! Our selection includes fresh pastries, cookies, and special cake slices, as well as homemade treats to sweetly start your day.<\/p>\n<p style=\"font-weight: 400; text-align: center;\">For those who prefer a healthy lifestyle, we offer fresh, seasonal fruits and vegetables. Natural sweetness and vitamins are the perfect complements to your breakfast.<\/p>\n<p>[\/et_pb_blurb][\/et_pb_column][et_pb_column type=&#8221;1_2&#8243; _builder_version=&#8221;4.24.0&#8243; _module_preset=&#8221;default&#8221; global_colors_info=&#8221;{}&#8221;][et_pb_image src=&#8221;https:\/\/hoteltihany.com\/wp-content\/uploads\/2024\/02\/G028.jpg&#8221; align=&#8221;center&#8221; _builder_version=&#8221;4.24.0&#8243; _module_preset=&#8221;default&#8221; max_height=&#8221;550px&#8221; custom_margin=&#8221;|||0px|false|false&#8221; custom_margin_tablet=&#8221;|||0px|false|false&#8221; custom_margin_phone=&#8221;|||0px|false|false&#8221; custom_margin_last_edited=&#8221;on|phone&#8221; global_colors_info=&#8221;{}&#8221;][\/et_pb_image][\/et_pb_column][\/et_pb_row][et_pb_row column_structure=&#8221;1_2,1_2&#8243; _builder_version=&#8221;4.24.0&#8243; _module_preset=&#8221;default&#8221; custom_margin=&#8221;||50px||false|false&#8221; global_colors_info=&#8221;{}&#8221;][et_pb_column type=&#8221;1_2&#8243; _builder_version=&#8221;4.24.0&#8243; _module_preset=&#8221;default&#8221; global_colors_info=&#8221;{}&#8221;][et_pb_image src=&#8221;https:\/\/hoteltihany.com\/wp-content\/uploads\/2024\/02\/H012.jpg&#8221; align=&#8221;center&#8221; _builder_version=&#8221;4.24.0&#8243; _module_preset=&#8221;default&#8221; max_height=&#8221;550px&#8221; global_colors_info=&#8221;{}&#8221;][\/et_pb_image][\/et_pb_column][et_pb_column type=&#8221;1_2&#8243; _builder_version=&#8221;4.24.0&#8243; _module_preset=&#8221;default&#8221; global_colors_info=&#8221;{}&#8221;][et_pb_blurb _builder_version=&#8221;4.24.0&#8243; _module_preset=&#8221;default&#8221; custom_padding=&#8221;0px||||false|false&#8221; global_colors_info=&#8221;{}&#8221;]<\/p>\n<p style=\"text-align: center;\">For lovers of traditional, hearty breakfast flavors, there\u2019s plenty to enjoy as well. Our selection includes freshly made omelets, scrambled eggs, sausages, bacon, and other hot breakfast specialties\u2014sometimes with an Asian or Mediterranean twist.<\/p>\n<p style=\"text-align: center;\">If you\u2019re celebrating or simply want to indulge in relaxation, you can even crown your breakfast with a glass of prosecco, champagne, or perhaps a light cocktail.<\/p>\n<p style=\"text-align: center;\">Our hotel\u2019s generous buffet breakfast is open not only to our guests. For 8,000 HUF per person, you can enjoy unlimited food and breakfast beverages, available every morning between 8:00 and 10:00.<\/p>\n<p style=\"font-weight: 400; text-align: center;\">At our hotel, you don\u2019t just come to eat\u2014you come to collect experiences. Whether it\u2019s a business trip or a long weekend, every morning with us is a celebration!<\/p>\n<p style=\"font-weight: 400; text-align: center;\">We warmly welcome you to start your day with a truly elegant and mouthwatering breakfast!<\/p>\n<p>[\/et_pb_blurb][\/et_pb_column][\/et_pb_row][\/et_pb_section]<\/p>","protected":false},"excerpt":{"rendered":"<p>Minden reggel egy \u00fcnnep, a csend \u00e9s b\u00e9ke f\u00e9lsziget\u00e9n, n\u00e9h\u00e1ny m\u00e9terre a Balatont\u00f3l.Reggeli \u00ednyenc \u00e9lm\u00e9ny Otthonunkban minden reggel egy \u00ednyenc kaland v\u00e1rja \u00d6nt, ahol a pr\u00e9mium min\u0151s\u00e9g \u00e9s a v\u00e1ltozatoss\u00e1g tal\u00e1lkozik. Csend, nyugalom, gy\u00f6ny\u00f6r\u0171 k\u00f6rnyezet \u00e9s sz\u00e9p id\u0151ben, a teraszon a Balaton k\u00f6zels\u00e9ge \u00e9s l\u00e1tv\u00e1nya, ami extra \u00e9lm\u00e9nnyel gazdag\u00edtja a reggelek sz\u00e9ps\u00e9g\u00e9t. 26 szob\u00e1s, csal\u00e1dias [&hellip;]<\/p>","protected":false},"author":2,"featured_media":0,"parent":0,"menu_order":0,"comment_status":"closed","ping_status":"closed","template":"","meta":{"_et_pb_use_builder":"on","_et_pb_old_content":"","_et_gb_content_width":"","footnotes":""},"class_list":["post-764","page","type-page","status-publish","hentry"],"_links":{"self":[{"href":"https:\/\/hoteltihany.com\/en\/wp-json\/wp\/v2\/pages\/764","targetHints":{"allow":["GET"]}}],"collection":[{"href":"https:\/\/hoteltihany.com\/en\/wp-json\/wp\/v2\/pages"}],"about":[{"href":"https:\/\/hoteltihany.com\/en\/wp-json\/wp\/v2\/types\/page"}],"author":[{"embeddable":true,"href":"https:\/\/hoteltihany.com\/en\/wp-json\/wp\/v2\/users\/2"}],"replies":[{"embeddable":true,"href":"https:\/\/hoteltihany.com\/en\/wp-json\/wp\/v2\/comments?post=764"}],"version-history":[{"count":89,"href":"https:\/\/hoteltihany.com\/en\/wp-json\/wp\/v2\/pages\/764\/revisions"}],"predecessor-version":[{"id":1431,"href":"https:\/\/hoteltihany.com\/en\/wp-json\/wp\/v2\/pages\/764\/revisions\/1431"}],"wp:attachment":[{"href":"https:\/\/hoteltihany.com\/en\/wp-json\/wp\/v2\/media?parent=764"}],"curies":[{"name":"wp","href":"https:\/\/api.w.org\/{rel}","templated":true}]}}