{"id":229,"date":"2024-02-11T17:19:48","date_gmt":"2024-02-11T16:19:48","guid":{"rendered":"https:\/\/new.hoteltihany.com\/?page_id=229"},"modified":"2025-05-16T16:59:25","modified_gmt":"2025-05-16T14:59:25","slug":"szobak","status":"publish","type":"page","link":"https:\/\/hoteltihany.com\/en\/szobak\/","title":{"rendered":"Rooms"},"content":{"rendered":"<p>[et_pb_section fb_built=&#8221;1&#8243; _builder_version=&#8221;4.27.4&#8243; _module_preset=&#8221;default&#8221; global_colors_info=&#8221;{}&#8221;][et_pb_row column_structure=&#8221;1_2,1_2&#8243; _builder_version=&#8221;4.27.4&#8243; _module_preset=&#8221;default&#8221; min_height=&#8221;1278.5px&#8221; global_colors_info=&#8221;{}&#8221;][et_pb_column type=&#8221;1_2&#8243; _builder_version=&#8221;4.27.4&#8243; _module_preset=&#8221;default&#8221; global_colors_info=&#8221;{}&#8221;][et_pb_image src=&#8221;https:\/\/hoteltihany.com\/wp-content\/uploads\/2025\/05\/Booking_07_02.jpg&#8221; url=&#8221;https:\/\/hoteltihany.com\/szobafoglalas\/&#8221; _builder_version=&#8221;4.27.4&#8243; _module_preset=&#8221;default&#8221; global_colors_info=&#8221;{}&#8221;][\/et_pb_image][et_pb_blurb title_tablet=&#8221;&#8221; title_phone=&#8221;&#8221; title_last_edited=&#8221;on|desktop&#8221; admin_label=&#8221;F\u00fclsz\u00f6veg&#8221; _builder_version=&#8221;4.27.4&#8243; _module_preset=&#8221;default&#8221; custom_margin=&#8221;0px|0px|0px|0px|false|false&#8221; global_colors_info=&#8221;{}&#8221;]<\/p>\n<p style=\"text-align: center;\"><strong>SUPERIOR DOUBLEROOM<\/strong><\/p>\n<p style=\"text-align: center;\">Room size: 18-22 m2<\/p>\n<p style=\"text-align: center;\">Amenities: double bed, flat-screen TV, desk, chair, minibar refrigerator with mineral water, wardrobe, clothes hangers, electric kettle, tea bags, coffee, bathroom toiletries, small and large towels, makeup towel, toilet paper, bathtub with shower.<\/p>\n<p style=\"text-align: center;\">Bed size: 180 x 200 cm<\/p>\n<p style=\"text-align: center;\">Mattress height: 20 cm<\/p>\n<p>&nbsp;<\/p>\n<p>&nbsp;<\/p>\n<p>[\/et_pb_blurb][et_pb_image src=&#8221;https:\/\/hoteltihany.com\/wp-content\/uploads\/2025\/05\/Tetoteri_02_Booking-scaled.jpg&#8221; _builder_version=&#8221;4.27.4&#8243; _module_preset=&#8221;default&#8221; global_colors_info=&#8221;{}&#8221;][\/et_pb_image][et_pb_blurb title_tablet=&#8221;&#8221; title_phone=&#8221;&#8221; title_last_edited=&#8221;on|desktop&#8221; admin_label=&#8221;F\u00fclsz\u00f6veg&#8221; _builder_version=&#8221;4.27.4&#8243; _module_preset=&#8221;default&#8221; custom_margin=&#8221;0px|0px|0px|0px|false|false&#8221; global_colors_info=&#8221;{}&#8221;]<\/p>\n<p style=\"text-align: center;\"><strong>CLASSIC LOFT ROOM<\/strong><\/p>\n<p style=\"text-align: center;\">Room size: 18-22 m2<\/p>\n<p style=\"text-align: center;\">Amenities: double bed, flat-screen TV, desk, chair, minibar refrigerator with mineral water, wardrobe, clothes hangers, electric kettle, tea bags, coffee, bathroom toiletries, small and large towels, makeup towel, toilet paper, bathtub with shower.<\/p>\n<p style=\"text-align: center;\">Bed size: 180 x 200 cm<\/p>\n<p style=\"text-align: center;\">Mattress height: 20 cm<\/p>\n<p>&nbsp;<\/p>\n<p>&nbsp;<\/p>\n<p>[\/et_pb_blurb][\/et_pb_column][et_pb_column type=&#8221;1_2&#8243; _builder_version=&#8221;4.27.4&#8243; _module_preset=&#8221;default&#8221; global_colors_info=&#8221;{}&#8221;][et_pb_image src=&#8221;https:\/\/hoteltihany.com\/wp-content\/uploads\/2025\/02\/1_standard_szoba.jpg&#8221; _builder_version=&#8221;4.27.4&#8243; _module_preset=&#8221;default&#8221; global_colors_info=&#8221;{}&#8221;][\/et_pb_image][et_pb_blurb title_tablet=&#8221;&#8221; title_phone=&#8221;&#8221; title_last_edited=&#8221;on|desktop&#8221; admin_label=&#8221;F\u00fclsz\u00f6veg&#8221; _builder_version=&#8221;4.27.4&#8243; _module_preset=&#8221;default&#8221; custom_margin=&#8221;0px|0px|0px|0px|false|false&#8221; global_colors_info=&#8221;{}&#8221;]<\/p>\n<p style=\"text-align: center;\"><strong>STANDARD DOUBLEROOM<\/strong><\/p>\n<p style=\"text-align: center;\">Room size: 18-22 m2<\/p>\n<p style=\"text-align: center;\">Amenities: double bed, flat-screen TV, desk, chair, minibar refrigerator with mineral water, wardrobe, clothes hangers, electric kettle, tea bags, coffee, bathroom toiletries, small and large towels, makeup towel, toilet paper, bathtub with shower.<\/p>\n<p style=\"text-align: center;\">Bed size: 160 x 200 com or 180 x 200 cm<\/p>\n<p style=\"text-align: center;\">Mattress height: 20 cm<\/p>\n<p>&nbsp;<\/p>\n<p>&nbsp;<\/p>\n<p>[\/et_pb_blurb][et_pb_image src=&#8221;https:\/\/hoteltihany.com\/wp-content\/uploads\/2025\/05\/Lakosztaly_01.jpg&#8221; _builder_version=&#8221;4.27.4&#8243; _module_preset=&#8221;default&#8221; global_colors_info=&#8221;{}&#8221;][\/et_pb_image][et_pb_blurb title_tablet=&#8221;&#8221; title_phone=&#8221;&#8221; title_last_edited=&#8221;on|desktop&#8221; admin_label=&#8221;F\u00fclsz\u00f6veg&#8221; _builder_version=&#8221;4.27.4&#8243; _module_preset=&#8221;default&#8221; custom_margin=&#8221;0px|0px|0px|0px|false|false&#8221; custom_padding=&#8221;||5px|||&#8221; global_colors_info=&#8221;{}&#8221;]<\/p>\n<p style=\"text-align: center;\"><strong>SUITE<\/strong><\/p>\n<p style=\"text-align: center;\">Szoba m\u00e9rete: kb 35-45 m2<\/p>\n<p style=\"text-align: center;\">Amenities: living room, bedroom, double bed, sofa, armchair, flat-screen TV, desk, chair, minibar refrigerator with mineral water, wardrobe, clothes hangers, electric kettle, tea bags, coffee, bathroom toiletries, small and large towels, makeup towel, toilet paper, bathtub with shower.<\/p>\n<p style=\"text-align: center;\">Bed size: 180 x 200 cm<\/p>\n<p style=\"text-align: center;\">Mattress height: 20 cm<\/p>\n<p>&nbsp;<\/p>\n<p>&nbsp;<\/p>\n<p>[\/et_pb_blurb][\/et_pb_column][\/et_pb_row][et_pb_row _builder_version=&#8221;4.27.4&#8243; _module_preset=&#8221;default&#8221; min_height=&#8221;265.7px&#8221; global_colors_info=&#8221;{}&#8221;][et_pb_column type=&#8221;4_4&#8243; _builder_version=&#8221;4.27.4&#8243; _module_preset=&#8221;default&#8221; global_colors_info=&#8221;{}&#8221;][et_pb_heading title=&#8221;GARANT\u00c1LT LEGJOBB \u00c1R&#8221; _builder_version=&#8221;4.27.4&#8243; _module_preset=&#8221;default&#8221; title_font=&#8221;Aboreto||||||||&#8221; title_text_align=&#8221;center&#8221; title_font_size=&#8221;40px&#8221; min_height=&#8221;44px&#8221; global_colors_info=&#8221;{}&#8221;][\/et_pb_heading][et_pb_blurb _builder_version=&#8221;4.27.4&#8243; _module_preset=&#8221;default&#8221; header_font_size=&#8221;14px&#8221; global_colors_info=&#8221;{}&#8221;]<\/p>\n<p style=\"text-align: center;\">Book now at the best available rates!\nIf you have a coupon code, don\u2019t forget to use it for extra discounts!<\/p>\n<p>[\/et_pb_blurb][et_pb_button button_url=&#8221;https:\/\/hoteltihany.com\/szobafoglalas\/&#8221; button_text=&#8221;FOGLAL\u00c1S&#8221; button_alignment=&#8221;center&#8221; _builder_version=&#8221;4.27.4&#8243; _module_preset=&#8221;default&#8221; custom_button=&#8221;on&#8221; button_text_size=&#8221;16px&#8221; button_bg_use_color_gradient=&#8221;on&#8221; button_bg_color_gradient_stops=&#8221;#2b87da 100%|rgba(42, 167, 193, 1) 100%|#29c4a9 100%&#8221; button_border_width=&#8221;0px&#8221; button_use_icon=&#8221;off&#8221; background_layout=&#8221;dark&#8221; global_colors_info=&#8221;{}&#8221;][\/et_pb_button][et_pb_blurb _builder_version=&#8221;4.27.4&#8243; _module_preset=&#8221;default&#8221; hover_enabled=&#8221;0&#8243; sticky_enabled=&#8221;0&#8243;]<\/p>\n<p style=\"text-align: center;\" data-pm-slice=\"1 1 []\">Our hotel offers classic-style, cozy rooms designed for your comfort.\nWhether you're looking for a romantic attic room or a spacious suite with a living area, you'll find the perfect accommodation with us. Book your stay now and enjoy a relaxing experience in a warm, homely atmosphere!<\/p>\n<p>[\/et_pb_blurb][\/et_pb_column][\/et_pb_row][et_pb_row _builder_version=&#8221;4.27.4&#8243; _module_preset=&#8221;default&#8221; global_colors_info=&#8221;{}&#8221;][et_pb_column type=&#8221;4_4&#8243; _builder_version=&#8221;4.27.4&#8243; _module_preset=&#8221;default&#8221; global_colors_info=&#8221;{}&#8221;][\/et_pb_column][\/et_pb_row][\/et_pb_section]<\/p>","protected":false},"excerpt":{"rendered":"<p>SUPERIOR FRANCIA\u00c1GYAS SZOBA Szoba m\u00e9rete: kb 18-22 m2 Felszerelts\u00e9g: francia\u00e1gy, s\u00edkk\u00e9perny\u0151s telev\u00edzi\u00f3, \u00edr\u00f3asztal, sz\u00e9k, minib\u00e1r h\u0171t\u0151 \u00e1sv\u00e1nyv\u00edzzel, gardr\u00f3b szekr\u00e9ny, ruhafogasok, v\u00edzforral\u00f3, tea filter, k\u00e1v\u00e9, f\u00fcrd\u0151szobai bek\u00e9sz\u00edt\u00e9s, kis- \u00e9s nagyt\u00f6r\u00f6lk\u00f6z\u0151, smink t\u00f6r\u00f6lk\u00f6z\u0151, wc pap\u00edr, f\u00fcrd\u0151k\u00e1d zuhanyz\u00f3val. \u00c1gym\u00e9ret: 180 x 200 cm \u00c1gymatrac magass\u00e1g: 20 cm &nbsp; &nbsp;CLASSIC TET\u0150T\u00c9RI SZOBA Szoba m\u00e9rete: kb 18-22 m2 Felszerelts\u00e9g: francia\u00e1gy, [&hellip;]<\/p>","protected":false},"author":2,"featured_media":0,"parent":0,"menu_order":0,"comment_status":"closed","ping_status":"closed","template":"","meta":{"_et_pb_use_builder":"on","_et_pb_old_content":"","_et_gb_content_width":"","footnotes":""},"class_list":["post-229","page","type-page","status-publish","hentry"],"_links":{"self":[{"href":"https:\/\/hoteltihany.com\/en\/wp-json\/wp\/v2\/pages\/229","targetHints":{"allow":["GET"]}}],"collection":[{"href":"https:\/\/hoteltihany.com\/en\/wp-json\/wp\/v2\/pages"}],"about":[{"href":"https:\/\/hoteltihany.com\/en\/wp-json\/wp\/v2\/types\/page"}],"author":[{"embeddable":true,"href":"https:\/\/hoteltihany.com\/en\/wp-json\/wp\/v2\/users\/2"}],"replies":[{"embeddable":true,"href":"https:\/\/hoteltihany.com\/en\/wp-json\/wp\/v2\/comments?post=229"}],"version-history":[{"count":114,"href":"https:\/\/hoteltihany.com\/en\/wp-json\/wp\/v2\/pages\/229\/revisions"}],"predecessor-version":[{"id":1362,"href":"https:\/\/hoteltihany.com\/en\/wp-json\/wp\/v2\/pages\/229\/revisions\/1362"}],"wp:attachment":[{"href":"https:\/\/hoteltihany.com\/en\/wp-json\/wp\/v2\/media?parent=229"}],"curies":[{"name":"wp","href":"https:\/\/api.w.org\/{rel}","templated":true}]}}