{"id":1190,"date":"2025-02-13T19:58:27","date_gmt":"2025-02-13T18:58:27","guid":{"rendered":"https:\/\/new.hoteltihany.com\/?page_id=1190"},"modified":"2025-02-13T20:15:07","modified_gmt":"2025-02-13T19:15:07","slug":"lemondas","status":"publish","type":"page","link":"https:\/\/hoteltihany.com\/en\/lemondas\/","title":{"rendered":"Cancellation Policy"},"content":{"rendered":"<p>[et_pb_section fb_built=&#8221;1&#8243; admin_label=&#8221;section&#8221; _builder_version=&#8221;4.16&#8243; global_colors_info=&#8221;{}&#8221;][et_pb_row column_structure=&#8221;1_2,1_2&#8243; _builder_version=&#8221;4.24.0&#8243; _module_preset=&#8221;default&#8221; global_colors_info=&#8221;{}&#8221;][et_pb_column type=&#8221;1_2&#8243; _builder_version=&#8221;4.24.0&#8243; _module_preset=&#8221;default&#8221; global_colors_info=&#8221;{}&#8221;][et_pb_blurb title=&#8221;Lemond\u00e1si felt\u00e9telek&#8221; _builder_version=&#8221;4.24.0&#8243; _module_preset=&#8221;default&#8221; header_font=&#8221;Aboreto|700|||||||&#8221; header_text_align=&#8221;center&#8221; body_font_size=&#8221;13px&#8221; global_colors_info=&#8221;{}&#8221;]<\/p>\n<p style=\"text-align: center;\">The reserved rooms can be occupied from 3:00 PM and must be vacated by 10:30 AM on the day of departure. If you expect to arrive after 6:00 PM, please kindly inform the hotel reception in advance! If we do not receive prior notice of late arrival, the reservation will be canceled after 6:00 PM on the day of arrival.<\/p>\n<p style=\"text-align: center;\">If you wish to cancel a confirmed accommodation reservation, please always notify our hotel in writing \u2013 via email. The reservation can be canceled free of charge up to 8 days prior to arrival. For cancellations made 7 days or fewer before arrival, a fee equivalent to 1 night's stay will be charged. In case of on-site cancellations, late arrivals, or early departures from the confirmed booking dates, 100% of the pre-booked and confirmed accommodation fee will be charged.<\/p>\n<p>[\/et_pb_blurb][\/et_pb_column][et_pb_column type=&#8221;1_2&#8243; _builder_version=&#8221;4.24.0&#8243; _module_preset=&#8221;default&#8221; global_colors_info=&#8221;{}&#8221;][et_pb_image src=&#8221;https:\/\/hoteltihany.com\/wp-content\/uploads\/2024\/02\/G009.jpg&#8221; align=&#8221;center&#8221; _builder_version=&#8221;4.24.0&#8243; _module_preset=&#8221;default&#8221; width=&#8221;70%&#8221; custom_margin=&#8221;||40px||false|false&#8221; box_shadow_style=&#8221;preset3&#8243; global_colors_info=&#8221;{}&#8221;][\/et_pb_image][\/et_pb_column][\/et_pb_row][\/et_pb_section]<\/p>","protected":false},"excerpt":{"rendered":"<p>A megrendelt szob\u00e1kat 15.00 \u00f3r\u00e1t\u00f3l lehet elfoglalni \u00e9s az utaz\u00e1s napj\u00e1n 10.30-ig kell elhagyni. Amennyiben 18.00 \u00f3ra ut\u00e1n v\u00e1rhat\u00f3 az \u00e9rkez\u00e9s, a hotel recepci\u00f3j\u00e1n ezt el\u0151re sz\u00edveskedjen jelezni! Ha a k\u00e9s\u0151i \u00e9rkez\u00e9sr\u0151l el\u0151zetes \u00e9rtes\u00edt\u00e9st nem kapunk, a foglal\u00e1s az \u00e9rkez\u00e9s napj\u00e1n 18.00 \u00f3ra ut\u00e1n t\u00f6rl\u00e9sre ker\u00fcl! Amennyiben \u00edr\u00e1sban visszaigazolt sz\u00e1ll\u00e1sfoglal\u00e1s\u00e1t t\u00f6r\u00f6lni k\u00edv\u00e1nja, k\u00e9rj\u00fck ezt mindenk\u00e9ppen [&hellip;]<\/p>","protected":false},"author":2,"featured_media":0,"parent":0,"menu_order":0,"comment_status":"closed","ping_status":"closed","template":"","meta":{"_et_pb_use_builder":"on","_et_pb_old_content":"","_et_gb_content_width":"","footnotes":""},"class_list":["post-1190","page","type-page","status-publish","hentry"],"_links":{"self":[{"href":"https:\/\/hoteltihany.com\/en\/wp-json\/wp\/v2\/pages\/1190","targetHints":{"allow":["GET"]}}],"collection":[{"href":"https:\/\/hoteltihany.com\/en\/wp-json\/wp\/v2\/pages"}],"about":[{"href":"https:\/\/hoteltihany.com\/en\/wp-json\/wp\/v2\/types\/page"}],"author":[{"embeddable":true,"href":"https:\/\/hoteltihany.com\/en\/wp-json\/wp\/v2\/users\/2"}],"replies":[{"embeddable":true,"href":"https:\/\/hoteltihany.com\/en\/wp-json\/wp\/v2\/comments?post=1190"}],"version-history":[{"count":10,"href":"https:\/\/hoteltihany.com\/en\/wp-json\/wp\/v2\/pages\/1190\/revisions"}],"predecessor-version":[{"id":1213,"href":"https:\/\/hoteltihany.com\/en\/wp-json\/wp\/v2\/pages\/1190\/revisions\/1213"}],"wp:attachment":[{"href":"https:\/\/hoteltihany.com\/en\/wp-json\/wp\/v2\/media?parent=1190"}],"curies":[{"name":"wp","href":"https:\/\/api.w.org\/{rel}","templated":true}]}}